{"id":149,"date":"2024-03-13T13:45:09","date_gmt":"2024-03-13T13:45:09","guid":{"rendered":"https:\/\/admabogados.xyz\/?page_id=149"},"modified":"2025-01-02T19:57:14","modified_gmt":"2025-01-02T19:57:14","slug":"contacto","status":"publish","type":"page","link":"https:\/\/admabogados.mx\/zh\/contacto\/","title":{"rendered":"\u8054\u7cfb\u65b9\u5f0f"},"content":{"rendered":"<div data-elementor-type=\"wp-page\" data-elementor-id=\"149\" class=\"elementor elementor-149\" data-elementor-post-type=\"page\">\n\t\t\t\t\t\t<section class=\"elementor-section elementor-top-section elementor-element elementor-element-2e99245c elementor-section-height-min-height elementor-section-boxed elementor-section-height-default elementor-section-items-middle\" data-id=\"2e99245c\" data-element_type=\"section\" data-settings=\"{&quot;background_background&quot;:&quot;classic&quot;}\">\n\t\t\t\t\t\t\t<div class=\"elementor-background-overlay\"><\/div>\n\t\t\t\t\t\t\t<div class=\"elementor-container elementor-column-gap-no\">\n\t\t\t\t\t<div class=\"elementor-column elementor-col-100 elementor-top-column elementor-element elementor-element-744f5f66\" data-id=\"744f5f66\" data-element_type=\"column\" data-settings=\"{&quot;background_background&quot;:&quot;classic&quot;}\">\n\t\t\t<div class=\"elementor-widget-wrap elementor-element-populated\">\n\t\t\t\t\t\t<div class=\"elementor-element elementor-element-4bb5343 elementor-invisible elementor-widget elementor-widget-heading\" data-id=\"4bb5343\" data-element_type=\"widget\" data-settings=\"{&quot;_animation&quot;:&quot;fadeInDown&quot;}\" data-widget_type=\"heading.default\">\n\t\t\t\t<div class=\"elementor-widget-container\">\n\t\t\t\t\t<h1 class=\"elementor-heading-title elementor-size-default\">\u8054\u7cfb\u65b9\u5f0f<\/h1>\t\t\t\t<\/div>\n\t\t\t\t<\/div>\n\t\t\t\t<div class=\"elementor-element elementor-element-6e92b815 elementor-invisible elementor-widget elementor-widget-text-editor\" data-id=\"6e92b815\" data-element_type=\"widget\" data-settings=\"{&quot;_animation&quot;:&quot;fadeIn&quot;,&quot;_animation_delay&quot;:600}\" data-widget_type=\"text-editor.default\">\n\t\t\t\t<div class=\"elementor-widget-container\">\n\t\t\t\t\t\t\t\t\t<p>\u8bf7\u8054\u7cfb\u6211\u4eec Allende D\u00edaz de Le\u00f3n y Madrigal Abogados\uff0c\u6211\u4eec\u5c06\u4e3a\u60a8\u63d0\u4f9b\u4e13\u4e1a\u7684\u4e2a\u6027\u5316\u6cd5\u5f8b\u5efa\u8bae\u3002<\/p>\t\t\t\t\t\t\t\t<\/div>\n\t\t\t\t<\/div>\n\t\t\t\t<div class=\"elementor-element elementor-element-462a2ab9 premium-mouse-detect-yes elementor-invisible elementor-widget elementor-widget-premium-addon-button\" data-id=\"462a2ab9\" data-element_type=\"widget\" data-settings=\"{&quot;_animation&quot;:&quot;fadeInUp&quot;,&quot;_animation_delay&quot;:1200}\" data-widget_type=\"premium-addon-button.default\">\n\t\t\t\t<div class=\"elementor-widget-container\">\n\t\t\t\t\t\r\n\r\n\t\t<a class=\"premium-button premium-button-style6 premium-btn-lg premium-button-style6\" href=\"https:\/\/admabogados.mx\/zh\/\">\r\n\t\t\t<div class=\"premium-button-text-icon-wrapper\">\r\n\t\t\t\t\r\n\t\t\t\t\t\t\t\t\t<span >\r\n\t\t\t\t\t\t\u8fd4\u56de\u9996\u9875\t\t\t\t\t<\/span>\r\n\t\t\t\t\r\n\t\t\t\t\t\t\t<\/div>\r\n\r\n\t\t\t\r\n\t\t\t\t\t\t\t<span class=\"premium-button-style6-bg\"><\/span>\r\n\t\t\t\r\n\t\t\t\r\n\t\t<\/a>\r\n\r\n\r\n\t\t\t\t\t\t<\/div>\n\t\t\t\t<\/div>\n\t\t\t\t\t<\/div>\n\t\t<\/div>\n\t\t\t\t\t<\/div>\n\t\t<\/section>\n\t\t\t\t<section class=\"elementor-section elementor-top-section elementor-element elementor-element-34a0e58a elementor-section-boxed elementor-section-height-default elementor-section-height-default\" data-id=\"34a0e58a\" data-element_type=\"section\">\n\t\t\t\t\t\t<div class=\"elementor-container elementor-column-gap-default\">\n\t\t\t\t\t<div class=\"elementor-column elementor-col-50 elementor-top-column elementor-element elementor-element-598dcc4\" data-id=\"598dcc4\" data-element_type=\"column\">\n\t\t\t<div class=\"elementor-widget-wrap elementor-element-populated\">\n\t\t\t\t\t\t<div class=\"elementor-element elementor-element-2c4499a5 elementor-widget elementor-widget-elementskit-heading\" data-id=\"2c4499a5\" data-element_type=\"widget\" data-widget_type=\"elementskit-heading.default\">\n\t\t\t\t<div class=\"elementor-widget-container\">\n\t\t\t\t\t<div class=\"ekit-wid-con\" ><div class=\"ekit-heading elementskit-section-title-wraper text_left   ekit_heading_tablet-   ekit_heading_mobile-\"><div class=\"elementskit-section-subtitle  elementskit-style-border\">\n\t\t\t\t\t\t\u8054\u7cfb\u65b9\u5f0f\n\t\t\t\t\t<\/div><h2 class=\"ekit-heading--title elementskit-section-title\">\u8054\u7cfb\u65b9\u5f0f<\/h2><\/div><\/div>\t\t\t\t<\/div>\n\t\t\t\t<\/div>\n\t\t\t\t<div class=\"elementor-element elementor-element-43115e69 elementor-widget elementor-widget-text-editor\" data-id=\"43115e69\" data-element_type=\"widget\" data-widget_type=\"text-editor.default\">\n\t\t\t\t<div class=\"elementor-widget-container\">\n\t\t\t\t\t\t\t\t\t<p>\u60a8\u7684\u6cd5\u5f8b\u6210\u529f\u4ece\u8fd9\u91cc\u5f00\u59cb\u3002\u8bf7\u8054\u7cfb\u6211\u4eecAllende D\u00edaz de Le\u00f3n y Madrigal Abogados\u3002<\/p>\t\t\t\t\t\t\t\t<\/div>\n\t\t\t\t<\/div>\n\t\t\t\t<div class=\"elementor-element elementor-element-49d74314 elementor-widget elementor-widget-elementskit-heading\" data-id=\"49d74314\" data-element_type=\"widget\" data-widget_type=\"elementskit-heading.default\">\n\t\t\t\t<div class=\"elementor-widget-container\">\n\t\t\t\t\t<div class=\"ekit-wid-con\" ><div class=\"ekit-heading elementskit-section-title-wraper text_left   ekit_heading_tablet-   ekit_heading_mobile-\"><div class=\"elementskit-section-subtitle  elementskit-style-border\">\n\t\t\t\t\t\t\u7535\u8bdd\u53f7\u7801\n\t\t\t\t\t<\/div><div class=\"ekit-heading--title elementskit-section-title\">841 5839 y 841 6684<\/div><\/div><\/div>\t\t\t\t<\/div>\n\t\t\t\t<\/div>\n\t\t\t\t<div class=\"elementor-element elementor-element-7bd9dd9a elementor-widget elementor-widget-elementskit-heading\" data-id=\"7bd9dd9a\" data-element_type=\"widget\" data-widget_type=\"elementskit-heading.default\">\n\t\t\t\t<div class=\"elementor-widget-container\">\n\t\t\t\t\t<div class=\"ekit-wid-con\" ><div class=\"ekit-heading elementskit-section-title-wraper text_left   ekit_heading_tablet-   ekit_heading_mobile-\"><div class=\"elementskit-section-subtitle  elementskit-style-border\">\n\t\t\t\t\t\t\u7535\u5b50\u90ae\u4ef6\n\t\t\t\t\t<\/div><a href=\"mailto: contacto@admabogados.mx\"><div class=\"ekit-heading--title elementskit-section-title\">contacto@admabogados.mx<\/div><\/a><\/div><\/div>\t\t\t\t<\/div>\n\t\t\t\t<\/div>\n\t\t\t\t<div class=\"elementor-element elementor-element-299b74d2 elementor-widget elementor-widget-elementskit-heading\" data-id=\"299b74d2\" data-element_type=\"widget\" data-widget_type=\"elementskit-heading.default\">\n\t\t\t\t<div class=\"elementor-widget-container\">\n\t\t\t\t\t<div class=\"ekit-wid-con\" ><div class=\"ekit-heading elementskit-section-title-wraper text_left   ekit_heading_tablet-   ekit_heading_mobile-\"><div class=\"elementskit-section-subtitle  elementskit-style-border\">\n\t\t\t\t\t\t\u5f00\u653e\u65f6\u95f4 \u5468\u4e00\u81f3\u5468\u4e94\n\t\t\t\t\t<\/div><div class=\"ekit-heading--title elementskit-section-title\">\u4e0a\u5348 9:00 - \u4e0b\u5348 2:00 \u548c\u4e0b\u5348 4:30 - 7:30<\/div><\/div><\/div>\t\t\t\t<\/div>\n\t\t\t\t<\/div>\n\t\t\t\t<div class=\"elementor-element elementor-element-54374587 elementor-widget elementor-widget-elementskit-heading\" data-id=\"54374587\" data-element_type=\"widget\" data-widget_type=\"elementskit-heading.default\">\n\t\t\t\t<div class=\"elementor-widget-container\">\n\t\t\t\t\t<div class=\"ekit-wid-con\" ><div class=\"ekit-heading elementskit-section-title-wraper text_left   ekit_heading_tablet-   ekit_heading_mobile-\"><div class=\"elementskit-section-subtitle  elementskit-style-border\">\n\t\t\t\t\t\t\u5730\u5740\n\t\t\t\t\t<\/div><div class=\"ekit-heading--title elementskit-section-title\">Av. Sierra Leona, n\u00famero 360, interior 1005, piso 10, colonia Villantigua, San Luis Potos\u00ed, S.L.P.<\/div><\/div><\/div>\t\t\t\t<\/div>\n\t\t\t\t<\/div>\n\t\t\t\t\t<\/div>\n\t\t<\/div>\n\t\t\t\t<div class=\"elementor-column elementor-col-50 elementor-top-column elementor-element elementor-element-38632bd4\" data-id=\"38632bd4\" data-element_type=\"column\">\n\t\t\t<div class=\"elementor-widget-wrap elementor-element-populated\">\n\t\t\t\t\t\t<div class=\"elementor-element elementor-element-5c89c3a4 elementor-widget elementor-widget-google_maps\" data-id=\"5c89c3a4\" data-element_type=\"widget\" data-widget_type=\"google_maps.default\">\n\t\t\t\t<div class=\"elementor-widget-container\">\n\t\t\t\t\t\t\t<div class=\"elementor-custom-embed\">\n\t\t\t<iframe loading=\"lazy\"\n\t\t\t\t\tsrc=\"https:\/\/maps.google.com\/maps?q=Allende%20D%C3%ADaz%20de%20Le%C3%B3n&#038;t=m&#038;z=15&#038;output=embed&#038;iwloc=near\"\n\t\t\t\t\ttitle=\"\u963f\u8fde\u5fb7-\u8fea\u4e9a\u65af-\u5fb7\u83b1\u6602\"\n\t\t\t\t\taria-label=\"\u963f\u8fde\u5fb7-\u8fea\u4e9a\u65af-\u5fb7\u83b1\u6602\"\n\t\t\t><\/iframe>\n\t\t<\/div>\n\t\t\t\t\t\t<\/div>\n\t\t\t\t<\/div>\n\t\t\t\t\t<\/div>\n\t\t<\/div>\n\t\t\t\t\t<\/div>\n\t\t<\/section>\n\t\t\t\t<section class=\"elementor-section elementor-top-section elementor-element elementor-element-6217e8ce elementor-section-boxed elementor-section-height-default elementor-section-height-default\" data-id=\"6217e8ce\" data-element_type=\"section\">\n\t\t\t\t\t\t<div class=\"elementor-container elementor-column-gap-default\">\n\t\t\t\t\t<div class=\"elementor-column elementor-col-50 elementor-top-column elementor-element elementor-element-33310352\" data-id=\"33310352\" data-element_type=\"column\">\n\t\t\t<div class=\"elementor-widget-wrap elementor-element-populated\">\n\t\t\t\t\t\t<div class=\"elementor-element elementor-element-34c21a14 elementor-widget elementor-widget-elementskit-heading\" data-id=\"34c21a14\" data-element_type=\"widget\" data-widget_type=\"elementskit-heading.default\">\n\t\t\t\t<div class=\"elementor-widget-container\">\n\t\t\t\t\t<div class=\"ekit-wid-con\" ><div class=\"ekit-heading elementskit-section-title-wraper text_left   ekit_heading_tablet-   ekit_heading_mobile-\"><div class=\"elementskit-section-subtitle  elementskit-style-border\">\n\t\t\t\t\t\t\u8054\u7cfb\u6211\u4eec\n\t\t\t\t\t<\/div><h2 class=\"ekit-heading--title elementskit-section-title\">\u8054\u7cfb\u6211\u4eec<\/h2><\/div><\/div>\t\t\t\t<\/div>\n\t\t\t\t<\/div>\n\t\t\t\t<div class=\"elementor-element elementor-element-73ed705f elementor-widget elementor-widget-text-editor\" data-id=\"73ed705f\" data-element_type=\"widget\" data-widget_type=\"text-editor.default\">\n\t\t\t\t<div class=\"elementor-widget-container\">\n\t\t\t\t\t\t\t\t\t<p>\u5982\u9700\u6cd5\u5f8b\u54a8\u8be2\u6216\u4e86\u89e3\u6211\u4eec\u7684\u670d\u52a1\u8be6\u60c5\uff0c\u8bf7\u586b\u5199\u4e0b\u8868\u3002\u6211\u4eec\u5c06\u5c3d\u5feb\u4e0e\u60a8\u8054\u7cfb\uff0c\u56e0\u4e3a\u60a8\u7684\u5b89\u5fc3\u662f\u6211\u4eec\u7684\u9996\u8981\u4efb\u52a1\u3002<\/p>\t\t\t\t\t\t\t\t<\/div>\n\t\t\t\t<\/div>\n\t\t\t\t<div class=\"elementor-element elementor-element-d91229b elementor-align-left elementor-widget elementor-widget-button\" data-id=\"d91229b\" data-element_type=\"widget\" data-widget_type=\"button.default\">\n\t\t\t\t<div class=\"elementor-widget-container\">\n\t\t\t\t\t\t\t\t\t<div class=\"elementor-button-wrapper\">\n\t\t\t\t\t<a class=\"elementor-button elementor-button-link elementor-size-sm\" href=\"\/zh\/\u7535\u8bdd\uff1a 528415839\/\">\n\t\t\t\t\t\t<span class=\"elementor-button-content-wrapper\">\n\t\t\t\t\t\t\t\t\t<span class=\"elementor-button-text\">\u8bf7\u81f4\u7535<\/span>\n\t\t\t\t\t<\/span>\n\t\t\t\t\t<\/a>\n\t\t\t\t<\/div>\n\t\t\t\t\t\t\t\t<\/div>\n\t\t\t\t<\/div>\n\t\t\t\t\t<\/div>\n\t\t<\/div>\n\t\t\t\t<div class=\"elementor-column elementor-col-50 elementor-top-column elementor-element elementor-element-6f3c09a4\" data-id=\"6f3c09a4\" data-element_type=\"column\">\n\t\t\t<div class=\"elementor-widget-wrap elementor-element-populated\">\n\t\t\t\t\t<div class=\"elementor-background-overlay\"><\/div>\n\t\t\t\t\t\t<div class=\"elementor-element elementor-element-7a6e848 elementor-button-align-start elementor-widget elementor-widget-form\" data-id=\"7a6e848\" data-element_type=\"widget\" data-settings=\"{&quot;step_next_label&quot;:&quot;Next&quot;,&quot;step_previous_label&quot;:&quot;Previous&quot;,&quot;button_width&quot;:&quot;100&quot;,&quot;step_type&quot;:&quot;number_text&quot;,&quot;step_icon_shape&quot;:&quot;circle&quot;}\" data-widget_type=\"form.default\">\n\t\t\t\t<div class=\"elementor-widget-container\">\n\t\t\t\t\t\t\t<form class=\"elementor-form\" method=\"post\" name=\"New Form\" action=\"\">\n\t\t\t<input type=\"hidden\" name=\"post_id\" value=\"149\"\/>\n\t\t\t<input type=\"hidden\" name=\"form_id\" value=\"7a6e848\"\/>\n\t\t\t<input type=\"hidden\" name=\"referer_title\" value=\"\" \/>\n\n\t\t\t\n\t\t\t<div class=\"elementor-form-fields-wrapper elementor-labels-above\">\n\t\t\t\t\t\t\t\t<div class=\"elementor-field-type-text elementor-field-group elementor-column elementor-field-group-name elementor-col-50\">\n\t\t\t\t\t\t\t\t\t\t\t\t<label for=\"form-field-name\" class=\"elementor-field-label\">\n\t\t\t\t\t\t\t\t\u540d\u79f0\t\t\t\t\t\t\t<\/label>\n\t\t\t\t\t\t\t\t\t\t\t\t\t\t<input size=\"1\" type=\"text\" name=\"form_fields[name]\" id=\"form-field-name\" class=\"elementor-field elementor-size-sm  elementor-field-textual\" placeholder=\"\u540d\u79f0\">\n\t\t\t\t\t\t\t\t\t\t\t<\/div>\n\t\t\t\t\t\t\t\t<div class=\"elementor-field-type-email elementor-field-group elementor-column elementor-field-group-email elementor-col-50 elementor-field-required\">\n\t\t\t\t\t\t\t\t\t\t\t\t<label for=\"form-field-email\" class=\"elementor-field-label\">\n\t\t\t\t\t\t\t\t\u7535\u5b50\u90ae\u4ef6\u5730\u5740\t\t\t\t\t\t\t<\/label>\n\t\t\t\t\t\t\t\t\t\t\t\t\t\t<input size=\"1\" type=\"email\" name=\"form_fields[email]\" id=\"form-field-email\" class=\"elementor-field elementor-size-sm  elementor-field-textual\" placeholder=\"\u7535\u5b50\u90ae\u4ef6\" required=\"required\" aria-required=\"true\">\n\t\t\t\t\t\t\t\t\t\t\t<\/div>\n\t\t\t\t\t\t\t\t<div class=\"elementor-field-type-textarea elementor-field-group elementor-column elementor-field-group-message elementor-col-100\">\n\t\t\t\t\t\t\t\t\t\t\t\t<label for=\"form-field-message\" class=\"elementor-field-label\">\n\t\t\t\t\t\t\t\t\u60a8\u7684\u4fe1\u606f\t\t\t\t\t\t\t<\/label>\n\t\t\t\t\t\t<textarea class=\"elementor-field-textual elementor-field  elementor-size-sm\" name=\"form_fields[message]\" id=\"form-field-message\" rows=\"4\" placeholder=\"\u5728\u6b64\u5199\u4e0b\u60a8\u7684\u7559\u8a00\"><\/textarea>\t\t\t\t<\/div>\n\t\t\t\t\t\t\t\t<div class=\"elementor-field-type-recaptcha_v3 elementor-field-group elementor-column elementor-field-group-field_12c4b83 elementor-col-100 recaptcha_v3-bottomleft\">\n\t\t\t\t\t<div class=\"elementor-field\" id=\"form-field-field_12c4b83\"><div class=\"elementor-g-recaptcha\" data-sitekey=\"6Ld5CQIqAAAAAO5dOkBu1p3LBfYYSocm6XJuJiUT\" data-type=\"v3\" data-action=\"Form\" data-badge=\"bottomleft\" data-size=\"invisible\"><\/div><\/div>\t\t\t\t<\/div>\n\t\t\t\t\t\t\t\t<div class=\"elementor-field-group elementor-column elementor-field-type-submit elementor-col-100 e-form__buttons\">\n\t\t\t\t\t<button class=\"elementor-button elementor-size-sm\" type=\"submit\">\n\t\t\t\t\t\t<span class=\"elementor-button-content-wrapper\">\n\t\t\t\t\t\t\t\t\t\t\t\t\t\t\t\t\t\t\t\t\t\t<span class=\"elementor-button-text\">\u53d1\u9001<\/span>\n\t\t\t\t\t\t\t\t\t\t\t\t\t<\/span>\n\t\t\t\t\t<\/button>\n\t\t\t\t<\/div>\n\t\t\t<\/div>\n\t\t<input type=\"hidden\" name=\"trp-form-language\" value=\"zh\"\/><\/form>\n\t\t\t\t\t\t<\/div>\n\t\t\t\t<\/div>\n\t\t\t\t\t<\/div>\n\t\t<\/div>\n\t\t\t\t\t<\/div>\n\t\t<\/section>\n\t\t<div class=\"elementor-element elementor-element-82b94d3 e-flex e-con-boxed e-con e-parent\" data-id=\"82b94d3\" data-element_type=\"container\">\n\t\t\t\t\t<div class=\"e-con-inner\">\n\t\t\t\t<div class=\"elementor-element elementor-element-1e03d82 elementor-widget-divider--view-line elementor-widget elementor-widget-divider\" data-id=\"1e03d82\" data-element_type=\"widget\" data-widget_type=\"divider.default\">\n\t\t\t\t<div class=\"elementor-widget-container\">\n\t\t\t\t\t\t\t<div class=\"elementor-divider\">\n\t\t\t<span class=\"elementor-divider-separator\">\n\t\t\t\t\t\t<\/span>\n\t\t<\/div>\n\t\t\t\t\t\t<\/div>\n\t\t\t\t<\/div>\n\t\t\t\t\t<\/div>\n\t\t\t\t<\/div>\n\t\t\t\t<\/div>","protected":false},"excerpt":{"rendered":"<p>Contacto Cont\u00e1ctenos en Allende D\u00edaz de Le\u00f3n y Madrigal Abogados para asesor\u00eda legal experta y personalizada. IR A INICIO informaci\u00f3n de contacto Datos de Contacto Su \u00e9xito legal comienza aqu\u00ed. Cont\u00e1ctenos en Allende D\u00edaz de Le\u00f3n y Madrigal Abogados. N\u00famero telef\u00f3nico 841 5839 y 841 6684 Email contacto@admabogados.mx Horario de lunes a viernes 9:00 AM [&hellip;]<\/p>","protected":false},"author":2,"featured_media":0,"parent":0,"menu_order":0,"comment_status":"closed","ping_status":"closed","template":"","meta":{"footnotes":""},"class_list":["post-149","page","type-page","status-publish","hentry","entry"],"_links":{"self":[{"href":"https:\/\/admabogados.mx\/zh\/wp-json\/wp\/v2\/pages\/149","targetHints":{"allow":["GET"]}}],"collection":[{"href":"https:\/\/admabogados.mx\/zh\/wp-json\/wp\/v2\/pages"}],"about":[{"href":"https:\/\/admabogados.mx\/zh\/wp-json\/wp\/v2\/types\/page"}],"author":[{"embeddable":true,"href":"https:\/\/admabogados.mx\/zh\/wp-json\/wp\/v2\/users\/2"}],"replies":[{"embeddable":true,"href":"https:\/\/admabogados.mx\/zh\/wp-json\/wp\/v2\/comments?post=149"}],"version-history":[{"count":61,"href":"https:\/\/admabogados.mx\/zh\/wp-json\/wp\/v2\/pages\/149\/revisions"}],"predecessor-version":[{"id":1161,"href":"https:\/\/admabogados.mx\/zh\/wp-json\/wp\/v2\/pages\/149\/revisions\/1161"}],"wp:attachment":[{"href":"https:\/\/admabogados.mx\/zh\/wp-json\/wp\/v2\/media?parent=149"}],"curies":[{"name":"wp","href":"https:\/\/api.w.org\/{rel}","templated":true}]}}