{"id":928,"date":"2024-04-17T23:53:11","date_gmt":"2024-04-17T23:53:11","guid":{"rendered":"https:\/\/admabogados.xyz\/?page_id=928"},"modified":"2024-06-26T16:46:36","modified_gmt":"2024-06-26T16:46:36","slug":"blogs","status":"publish","type":"page","link":"https:\/\/admabogados.mx\/zh\/blogs\/","title":{"rendered":"Blogs"},"content":{"rendered":"<div data-elementor-type=\"wp-page\" data-elementor-id=\"928\" class=\"elementor elementor-928\" data-elementor-post-type=\"page\">\n\t\t\t\t\t\t<section class=\"elementor-section elementor-top-section elementor-element elementor-element-2779c5b elementor-section-height-min-height elementor-section-boxed elementor-section-height-default elementor-section-items-middle\" data-id=\"2779c5b\" data-element_type=\"section\" data-settings=\"{&quot;background_background&quot;:&quot;classic&quot;}\">\n\t\t\t\t\t\t\t<div class=\"elementor-background-overlay\"><\/div>\n\t\t\t\t\t\t\t<div class=\"elementor-container elementor-column-gap-no\">\n\t\t\t\t\t<div class=\"elementor-column elementor-col-100 elementor-top-column elementor-element elementor-element-849b24a\" data-id=\"849b24a\" data-element_type=\"column\" data-settings=\"{&quot;background_background&quot;:&quot;classic&quot;}\">\n\t\t\t<div class=\"elementor-widget-wrap elementor-element-populated\">\n\t\t\t\t\t\t<div class=\"elementor-element elementor-element-d01b3ae elementor-invisible elementor-widget elementor-widget-heading\" data-id=\"d01b3ae\" data-element_type=\"widget\" data-settings=\"{&quot;_animation&quot;:&quot;fadeInDown&quot;}\" data-widget_type=\"heading.default\">\n\t\t\t\t<div class=\"elementor-widget-container\">\n\t\t\t\t\t<h1 class=\"elementor-heading-title elementor-size-default\">\u76f8\u5173\u65b0\u95fb<\/h1>\t\t\t\t<\/div>\n\t\t\t\t<\/div>\n\t\t\t\t<div class=\"elementor-element elementor-element-7dc2e25 elementor-invisible elementor-widget elementor-widget-text-editor\" data-id=\"7dc2e25\" data-element_type=\"widget\" data-settings=\"{&quot;_animation&quot;:&quot;fadeIn&quot;,&quot;_animation_delay&quot;:600}\" data-widget_type=\"text-editor.default\">\n\t\t\t\t<div class=\"elementor-widget-container\">\n\t\t\t\t\t\t\t\t\t<p>\u63a2\u7d22\u6700\u65b0\u65b0\u95fb\u548c\u6cd5\u5f8b\u66f4\u65b0\u3002\u968f\u65f6\u4e86\u89e3\u53ef\u80fd\u5f71\u54cd\u60a8\u7684\u73af\u5883\u7684\u91cd\u8981\u6cd5\u89c4\u53d8\u5316\u548c\u53d1\u5c55\u3002<\/p>\t\t\t\t\t\t\t\t<\/div>\n\t\t\t\t<\/div>\n\t\t\t\t<div class=\"elementor-element elementor-element-53f95ff premium-mouse-detect-yes elementor-invisible elementor-widget elementor-widget-premium-addon-button\" data-id=\"53f95ff\" data-element_type=\"widget\" data-settings=\"{&quot;_animation&quot;:&quot;fadeInUp&quot;,&quot;_animation_delay&quot;:1200}\" data-widget_type=\"premium-addon-button.default\">\n\t\t\t\t<div class=\"elementor-widget-container\">\n\t\t\t\t\t\r\n\r\n\t\t<a class=\"premium-button premium-button-style6 premium-btn-lg premium-button-style6\" href=\"https:\/\/admabogados.mx\/zh\/\">\r\n\t\t\t<div class=\"premium-button-text-icon-wrapper\">\r\n\t\t\t\t\r\n\t\t\t\t\t\t\t\t\t<span >\r\n\t\t\t\t\t\t\u8fd4\u56de\u9996\u9875\t\t\t\t\t<\/span>\r\n\t\t\t\t\r\n\t\t\t\t\t\t\t<\/div>\r\n\r\n\t\t\t\r\n\t\t\t\t\t\t\t<span class=\"premium-button-style6-bg\"><\/span>\r\n\t\t\t\r\n\t\t\t\r\n\t\t<\/a>\r\n\r\n\r\n\t\t\t\t\t\t<\/div>\n\t\t\t\t<\/div>\n\t\t\t\t\t<\/div>\n\t\t<\/div>\n\t\t\t\t\t<\/div>\n\t\t<\/section>\n\t\t<div class=\"elementor-element elementor-element-1485e2c e-flex e-con-boxed e-con e-parent\" data-id=\"1485e2c\" data-element_type=\"container\">\n\t\t\t\t\t<div class=\"e-con-inner\">\n\t\t\t\t<div class=\"elementor-element elementor-element-49249d7 elementor-widget elementor-widget-elementskit-blog-posts\" data-id=\"49249d7\" data-element_type=\"widget\" data-widget_type=\"elementskit-blog-posts.default\">\n\t\t\t\t<div class=\"elementor-widget-container\">\n\t\t\t\t\t<div class=\"ekit-wid-con\" >        <div id=\"post-items--49249d7\" class=\"row post-items\">\n                    <div class=\"col-md-12\">\n\n                                    <div class=\"elementskit-blog-block-post\">\n                        <div class=\"row no-gutters\">\n                            \n                            <div class=\"col-md-12 order-2\">\n                                <div class=\"elementskit-post-body\">\n                                    <div class=\"elementskit-entry-header\">\n                                        \n                                                                                            \t\t\t\t\t                                            \n                                            \n                                                                                            \t\t\t\t<h2 class=\"entry-title\">\n\t\t\t\t\t<a href=\"https:\/\/admabogados.mx\/zh\/incremento-a-los-salarios-minimos-para-2025\/\">\n\t\t\t\t\t\t\u5230 2025 \u5e74\u63d0\u9ad8\u6700\u4f4e\u5de5\u8d44\u3002\t\t\t\t\t<\/a>\n\t\t\t\t<\/h2>\n\t\t\t                                                                                <\/div><!-- .elementskit-entry-header END -->\n\n                                                                            <div class=\"elementskit-post-footer\">\n                                                                                            <p>\u4eb2\u7231\u7684\u5ba2\u6237\u6211\u4eec\u7279\u6b64\u901a\u77e5\u60a8\uff0c\u6700\u4f4e\u5de5\u8d44\u59d4\u5458\u4f1a\uff08CONASAMI\uff09\u4e8e\u4eca\u5e74 12 \u6708 4 \u65e5\u51b3\u5b9a\u5c06 2025 \u5e74\u7684\u6700\u4f4e\u5de5\u8d44\u6807\u51c6\u63d0\u9ad8 121TP3\uff0c\u5373\u6bcf\u5929 $278.80 \u6bd4\u7d22\uff0c\u5317\u90e8\u8fb9\u5883\u5730\u533a\u7684\u6700\u4f4e\u5de5\u8d44\u6807\u51c6\u4e3a $419.88 \u6bd4\u7d22\u3002\u503c\u5f97\u6ce8\u610f\u7684\u662f[......]<\/p>\n                                                                                                                                <\/div><!-- .elementskit-post-footer END -->\n                                                                    <\/div><!-- .elementskit-post-body END -->\n                            <\/div>\n                        <\/div>\n                    <\/div><!-- .elementskit-blog-block-post .radius .gradient-bg END -->\n                \n            <\/div>\n                    <div class=\"col-md-12\">\n\n                                    <div class=\"elementskit-blog-block-post\">\n                        <div class=\"row no-gutters\">\n                            \n                            <div class=\"col-md-12 order-2\">\n                                <div class=\"elementskit-post-body\">\n                                    <div class=\"elementskit-entry-header\">\n                                        \n                                                                                            \t\t\t\t\t                                            \n                                            \n                                                                                            \t\t\t\t<h2 class=\"entry-title\">\n\t\t\t\t\t<a href=\"https:\/\/admabogados.mx\/zh\/buzon-imss-nueva-herramienta-digital-para-los-afiliados-al-instituto-mexicano-del-seguro-social\/\">\n\t\t\t\t\t\tBuz\u00f3n IMSS\uff1a\u4e3a\u58a8\u897f\u54e5\u793e\u4f1a\u4fdd\u969c\u5c40\u6210\u5458\u63a8\u51fa\u7684\u65b0\u6570\u5b57\u5316\u5de5\u5177\t\t\t\t\t<\/a>\n\t\t\t\t<\/h2>\n\t\t\t                                                                                <\/div><!-- .elementskit-entry-header END -->\n\n                                                                            <div class=\"elementskit-post-footer\">\n                                                                                            <p>\u4eca\u5e74 6 \u6708 7 \u65e5\uff0c\u300a\u8054\u90a6\u5b98\u65b9\u516c\u62a5\u300b\u53d1\u5e03\u4e86\u4e00\u9879\u6cd5\u4ee4\uff0c\u5bf9\u300a\u793e\u4f1a\u4fdd\u969c\u6cd5\u300b\u548c\u300a\u56fd\u5bb6\u52b3\u52a8\u8005\u4fdd\u969c\u548c \u793e\u4f1a\u670d\u52a1\u673a\u6784\u6cd5\u300b\u7684\u591a\u9879\u6761\u6b3e\u8fdb\u884c\u4e86\u4fee\u6539\u548c\u8865\u5145\uff0c\u5bf9\u300a\u793e\u4f1a\u4fdd\u969c\u6cd5\u300b\u548c\u300a\u793e\u4f1a\u4fdd\u969c\u6cd5\u300b\u7684\u76f8\u5173\u6539\u9769 [......] \u8fdb\u884c\u4e86\u4fee\u6539\u548c\u8865\u5145\u3002<\/p>\n                                                                                                                                <\/div><!-- .elementskit-post-footer END -->\n                                                                    <\/div><!-- .elementskit-post-body END -->\n                            <\/div>\n                        <\/div>\n                    <\/div><!-- .elementskit-blog-block-post .radius .gradient-bg END -->\n                \n            <\/div>\n                    <div class=\"col-md-12\">\n\n                                    <div class=\"elementskit-blog-block-post\">\n                        <div class=\"row no-gutters\">\n                            \n                            <div class=\"col-md-12 order-2\">\n                                <div class=\"elementskit-post-body\">\n                                    <div class=\"elementskit-entry-header\">\n                                        \n                                                                                            \t\t\t\t\t                                            \n                                            \n                                                                                            \t\t\t\t<h2 class=\"entry-title\">\n\t\t\t\t\t<a href=\"https:\/\/admabogados.mx\/zh\/nuevo-impuesto-por-emision-de-gases-contaminantes-a-la-atmosfera-para-el-estado-de-san-luis-potosi\/\">\n\t\t\t\t\t\t\u5bf9\u5723\u8def\u6613\u65af\u6ce2\u6258\u897f\u5dde\u5411\u5927\u6c14\u6392\u653e\u6c61\u67d3\u6c14\u4f53\u5f81\u6536\u65b0\u7a0e\u3002\t\t\t\t\t<\/a>\n\t\t\t\t<\/h2>\n\t\t\t                                                                                <\/div><!-- .elementskit-entry-header END -->\n\n                                                                            <div class=\"elementskit-post-footer\">\n                                                                                            <p>\u4eb2\u7231\u7684\u5ba2\u6237\u672c\u7b80\u8baf\u65e8\u5728\u901a\u77e5\u60a8\uff0c\u6839\u636e\u5723\u8def\u6613\u65af\u6ce2\u6258\u897f\u5dde 2024 \u8d22\u5e74\u7684\u300a\u7a0e\u6536\u6cd5\u300b\uff0c\u9488\u5bf9\u5411\u5927\u6c14\u6392\u653e\u6c61\u67d3\u6c14\u4f53\u8bbe\u7acb\u4e86\u65b0\u7684\u7a0e\u6536\uff0c\u5176\u4e2d\u8003\u8651\u5230\u4e86\u63a7\u5236\u5411\u73af\u5883\u6392\u653e\u6c61\u67d3\u6c14\u4f53\u7684\u63aa\u65bd\u3002\u5728[...]<\/p>\n                                                                                                                                <\/div><!-- .elementskit-post-footer END -->\n                                                                    <\/div><!-- .elementskit-post-body END -->\n                            <\/div>\n                        <\/div>\n                    <\/div><!-- .elementskit-blog-block-post .radius .gradient-bg END -->\n                \n            <\/div>\n                <\/div>\n       <\/div>\t\t\t\t<\/div>\n\t\t\t\t<\/div>\n\t\t\t\t\t<\/div>\n\t\t\t\t<\/div>\n\t\t\t\t<\/div>","protected":false},"excerpt":{"rendered":"<p>Noticias Relevantes Explore las \u00faltimas noticias y actualizaciones legales. Mant\u00e9ngase al tanto de los cambios normativos y desarrollos importantes que pueden impactar su entorno. IR A INICIO Nuevo impuesto por emisi\u00f3n de gases contaminantes a la atm\u00f3sfera para el Estado de San Luis Potos\u00ed. Estimados clientes: La finalidad del presente bolet\u00edn es la de informarles [&hellip;]<\/p>","protected":false},"author":2,"featured_media":0,"parent":0,"menu_order":0,"comment_status":"closed","ping_status":"closed","template":"","meta":{"footnotes":""},"class_list":["post-928","page","type-page","status-publish","hentry","entry"],"_links":{"self":[{"href":"https:\/\/admabogados.mx\/zh\/wp-json\/wp\/v2\/pages\/928","targetHints":{"allow":["GET"]}}],"collection":[{"href":"https:\/\/admabogados.mx\/zh\/wp-json\/wp\/v2\/pages"}],"about":[{"href":"https:\/\/admabogados.mx\/zh\/wp-json\/wp\/v2\/types\/page"}],"author":[{"embeddable":true,"href":"https:\/\/admabogados.mx\/zh\/wp-json\/wp\/v2\/users\/2"}],"replies":[{"embeddable":true,"href":"https:\/\/admabogados.mx\/zh\/wp-json\/wp\/v2\/comments?post=928"}],"version-history":[{"count":26,"href":"https:\/\/admabogados.mx\/zh\/wp-json\/wp\/v2\/pages\/928\/revisions"}],"predecessor-version":[{"id":1120,"href":"https:\/\/admabogados.mx\/zh\/wp-json\/wp\/v2\/pages\/928\/revisions\/1120"}],"wp:attachment":[{"href":"https:\/\/admabogados.mx\/zh\/wp-json\/wp\/v2\/media?parent=928"}],"curies":[{"name":"wp","href":"https:\/\/api.w.org\/{rel}","templated":true}]}}